{"id":2,"date":"2008-02-17T17:45:01","date_gmt":"2008-02-17T16:45:01","guid":{"rendered":""},"modified":"2010-04-03T20:12:36","modified_gmt":"2010-04-03T19:12:36","slug":"was","status":"publish","type":"page","link":"https:\/\/www.schwuppdiwupp.net\/heilandart\/was\/","title":{"rendered":"Was?"},"content":{"rendered":"<p><img loading=\"lazy\" decoding=\"async\" class=\"alignright size-medium wp-image-1716\" title=\"heiland_portrait_3\" src=\"https:\/\/www.schwuppdiwupp.net\/heilandart\/wp-content\/uploads\/2008\/02\/heiland_portrait_3-246x300.jpg\" alt=\"\" width=\"246\" height=\"300\" srcset=\"https:\/\/www.schwuppdiwupp.net\/heilandart\/wp-content\/uploads\/2008\/02\/heiland_portrait_3-246x300.jpg 246w, https:\/\/www.schwuppdiwupp.net\/heilandart\/wp-content\/uploads\/2008\/02\/heiland_portrait_3-e1289491154527-123x150.jpg 123w, https:\/\/www.schwuppdiwupp.net\/heilandart\/wp-content\/uploads\/2008\/02\/heiland_portrait_3.jpg 258w\" sizes=\"auto, (max-width: 246px) 100vw, 246px\" \/><\/p>\n<p>Heilandart ist ein Netzwerk von sehr unterschiedlichen K\u00f6lner K\u00fcnstlerInnen die seit 2002 in verschiedenen Aktionen zusammenarbeiten.. Neben\u00a0 Fotografie und Graffiti wird gemalt, gezeichnet, Objekt- und multimediale Kunst realisiert. Aber auch Schauspiel, Performance und Moderation kommen bei gemeinsamen Auftritten zum Einsatz.<\/p>\n<p>Es gibt keine Organisationsstruktur oder festgesetzten Statuten, man arbeitet als informelles Netzwerk zusammen. Der Name steht auch nicht f\u00fcr den Zusammenhang mit irgendeiner weltanschaulichen Gruppierung, sondern eher f\u00fcr das Selbstverst\u00e4ndnis einer\u00a0 Kunst- und Spa\u00dfguerilla<\/p>\n<p>W\u00e4hrend jeder vornehmlich seinen eigenen k\u00fcnstlerischen Weg geht und die stilistische Bandbreite enorm gro\u00df ist, dienen die gemeinsamen Treffen dazu, sich neue Aktionsformen auszudenken, um neues Publikum zu erreichen, diese gemeinsam umzusetzen und auch ganz einfach Spa\u00df dabei zu haben.<\/p>\n<p>Neben der inzwischen schon im 9. Jahr stattfindenden Heilandartauktion, besuchten wir 2005 auch die Tore der <a title=\"HeilandArtcologne\" href=\"?p=103\">Art Cologne<\/a>. Als fliegende H\u00e4ndler verkaufte unser Anpreiser die Verpackung als das eigentlich Ausschlaggebende. Die Kunst gab&#8217;s als kleines Dankesch\u00f6n dazu.<\/p>\n<p>Auch zum Papstbesuch anl\u00e4sslich <a title=\"Weltjugendtag 2005\" href=\"?p=8\">Weltjugendtag 05<\/a> in K\u00f6ln meldeten wir uns mit einer Perfomanceaktion in der \u00d6ffentlichkeit, bei der wir Abl\u00e4sse verkauften und Heilandart-Oplaten verteilten.<br \/>\n Ein <a title=\"Heilandart Sammelheft\" href=\"?p=5\">Sammelalbum<\/a>, als Limitierte Edition, mit Klebestickern f\u00fcr das jeder K\u00fcnstler eine Seite entworfen hat erschien 2008.<\/p>\n<p>2009 hatte endlich unser Film <a href=\"https:\/\/www.schwuppdiwupp.net\/heilandart\/?cat=86&amp;paged=2\" target=\"_blank\">ASEN 3 &#8211; all you can eat<\/a>. seine umjubelte Premiere, im Rahmen unserer Ausstellung<a href=\"https:\/\/www.schwuppdiwupp.net\/heilandart\/?cat=86\" target=\"_blank\"> &#8222;Heilandart macht Bunt&#8220;<\/a><\/p>\n<p>Mit dieser Art von Aktionen wollen wir nat\u00fcrlich Aufmerksamkeit erregen, hinweisen, dass es neben den g\u00e4ngigen Wegen auf dem Kunstmarkt, wunderbare, lustige und abwechslungsreiche Abzweigungen gibt.<br \/>\n So soll&#8217;s auch weiterhin sein&#8230;<\/p>\n<p>Der Hauptschwerpunkt liegt bisher auf der halbj\u00e4hrlich bis j\u00e4hrlich stattfindenden <a title=\"Kunstauktion\" href=\"?tag=kunstauktion\">Auktion<\/a>, die jedes Mal neue Ideen einbezieht. Die Bilder werden im Beisein der K\u00fcnstlerInnen versteigert. So besteht die M\u00f6glichkeit die K\u00fcnstler selbst zum Werk zu befragen. Der Prozess zwischen Herstellung und Verkauf ist sehr unmittelbar, auch wenn der Umtausch in Geldwert immer eine unangemessene Angelegenheit bleibt&#8230;.<\/p>\n","protected":false},"excerpt":{"rendered":"<p>Heilandart ist ein Netzwerk von sehr unterschiedlichen K\u00f6lner K\u00fcnstlerInnen die seit 2002 in verschiedenen Aktionen zusammenarbeiten.. Neben\u00a0 Fotografie und Graffiti wird gemalt, gezeichnet, Objekt- und multimediale Kunst realisiert. Aber auch Schauspiel, Performance und Moderation kommen bei gemeinsamen Auftritten zum Einsatz. Es gibt keine Organisationsstruktur oder festgesetzten Statuten, man arbeitet als informelles Netzwerk zusammen. Der Name [&hellip;]<\/p>\n","protected":false},"author":17,"featured_media":0,"parent":0,"menu_order":1,"comment_status":"closed","ping_status":"closed","template":"","meta":{"_acf_changed":false,"ngg_post_thumbnail":0,"footnotes":""},"class_list":["post-2","page","type-page","status-publish","hentry"],"acf":[],"_links":{"self":[{"href":"https:\/\/www.schwuppdiwupp.net\/heilandart\/wp-json\/wp\/v2\/pages\/2","targetHints":{"allow":["GET"]}}],"collection":[{"href":"https:\/\/www.schwuppdiwupp.net\/heilandart\/wp-json\/wp\/v2\/pages"}],"about":[{"href":"https:\/\/www.schwuppdiwupp.net\/heilandart\/wp-json\/wp\/v2\/types\/page"}],"author":[{"embeddable":true,"href":"https:\/\/www.schwuppdiwupp.net\/heilandart\/wp-json\/wp\/v2\/users\/17"}],"replies":[{"embeddable":true,"href":"https:\/\/www.schwuppdiwupp.net\/heilandart\/wp-json\/wp\/v2\/comments?post=2"}],"version-history":[{"count":0,"href":"https:\/\/www.schwuppdiwupp.net\/heilandart\/wp-json\/wp\/v2\/pages\/2\/revisions"}],"wp:attachment":[{"href":"https:\/\/www.schwuppdiwupp.net\/heilandart\/wp-json\/wp\/v2\/media?parent=2"}],"curies":[{"name":"wp","href":"https:\/\/api.w.org\/{rel}","templated":true}]}}